{"id":2,"date":"2016-05-10T03:48:21","date_gmt":"2016-05-10T03:48:21","guid":{"rendered":"http:\/\/wp452m.a10-52-158-154.qa.plesk.ru\/wordpress\/?page_id=2"},"modified":"2022-09-18T11:01:05","modified_gmt":"2022-09-18T10:01:05","slug":"sample-page","status":"publish","type":"page","link":"https:\/\/bubis-berta.de\/","title":{"rendered":"Bubi unterwegs"},"content":{"rendered":"<h3><span style=\"color: #000000;\">Herzlich Willkommen auf meinem Reiseblog!<\/span><\/h3>\n<h3>Seit mehreren Jahren bin ich mit meiner GS unterwegs und erkunde auf kleinen Wegen die L\u00e4nder Europas. Hier auf diesen Seiten teile ich mit Gleichgesinnten meine Leidenschaft f\u00fcr das Endurowandern. Frei nach dem Motto: Der Weg ist das Ziel, werden nur die Eckkpunkte einer Route festgelegt. Die Richtung bestimmt die Natur und unsere Neugierde.<\/h3>\n<p>&nbsp;<\/p>\n<h3><span style=\"color: #000000;\">Viel Spass beim St\u00f6bern!!<\/span><\/h3>\n<h3><span style=\"color: #000000;\">J\u00fcrgen Oliver (Bubi)<\/span><\/h3>\n<p>&nbsp;<\/p>\n<p>PS: Die Seiten hier sind st\u00e4ndig in \u00dcberarbeitung,\u00a0im Umbau. Nach dem Motto -learning by doing- k\u00f6nnen Beitr\u00e4ge kurzfristig fehlen, n\u00e4chsten Tag schon ganz anders aussehen, da ich immer wieder aktualisiere, endlich fehlende Bilder einbette, was Neues ausprobiere&#8230;<\/p>\n<p>Aktuelle Baustelle: OSM-Plugin funktioniert nicht mehr\u2026<\/p>\n","protected":false},"excerpt":{"rendered":"<p>Herzlich Willkommen auf meinem Reiseblog! Seit mehreren Jahren bin ich mit meiner GS unterwegs und erkunde auf kleinen Wegen die L\u00e4nder Europas. Hier auf diesen Seiten teile ich mit Gleichgesinnten meine Leidenschaft f\u00fcr das Endurowandern. Frei nach dem Motto: Der Weg ist das Ziel, werden nur die Eckkpunkte einer Route festgelegt. Die Richtung bestimmt die [&hellip;]<\/p>\n","protected":false},"author":1,"featured_media":0,"parent":0,"menu_order":0,"comment_status":"closed","ping_status":"closed","template":"","meta":{"footnotes":""},"class_list":["post-2","page","type-page","status-publish","hentry"],"_links":{"self":[{"href":"https:\/\/bubis-berta.de\/index.php?rest_route=\/wp\/v2\/pages\/2","targetHints":{"allow":["GET"]}}],"collection":[{"href":"https:\/\/bubis-berta.de\/index.php?rest_route=\/wp\/v2\/pages"}],"about":[{"href":"https:\/\/bubis-berta.de\/index.php?rest_route=\/wp\/v2\/types\/page"}],"author":[{"embeddable":true,"href":"https:\/\/bubis-berta.de\/index.php?rest_route=\/wp\/v2\/users\/1"}],"replies":[{"embeddable":true,"href":"https:\/\/bubis-berta.de\/index.php?rest_route=%2Fwp%2Fv2%2Fcomments&post=2"}],"version-history":[{"count":20,"href":"https:\/\/bubis-berta.de\/index.php?rest_route=\/wp\/v2\/pages\/2\/revisions"}],"predecessor-version":[{"id":6414,"href":"https:\/\/bubis-berta.de\/index.php?rest_route=\/wp\/v2\/pages\/2\/revisions\/6414"}],"wp:attachment":[{"href":"https:\/\/bubis-berta.de\/index.php?rest_route=%2Fwp%2Fv2%2Fmedia&parent=2"}],"curies":[{"name":"wp","href":"https:\/\/api.w.org\/{rel}","templated":true}]}}