{"id":751,"date":"2017-01-28T19:03:59","date_gmt":"2017-01-28T19:03:59","guid":{"rendered":"http:\/\/bubis-berta.de\/?page_id=751"},"modified":"2017-12-31T13:43:16","modified_gmt":"2017-12-31T12:43:16","slug":"meine-unterkunft","status":"publish","type":"page","link":"https:\/\/bubis-berta.de\/?page_id=751","title":{"rendered":"Meine Unterkunft"},"content":{"rendered":"<p>Grunds\u00e4tzlich ist das Zelt erste Wahl. Nur wenn nach mehreren Tagen Regen die Klamotten nicht mehr trocken werden, suche ich mir eine feste Behausung.<\/p>\n<p>Welche Eigenschaften sollte das Zelt haben?<\/p>\n<ul>\n<li>leicht, max. 2 Personen<\/li>\n<li>Wassers\u00e4ule des Aussenzeltes mindestens 3000mm<\/li>\n<li>zus\u00e4tzliche Schutzunterlage<\/li>\n<li>silikonbeschichtet<\/li>\n<li>rei\u00dffest<\/li>\n<li>Aussenzelt ohne Innenzelt aufzustellen<\/li>\n<li>kleines Packma\u00df<\/li>\n<li>Alugest\u00e4nge<\/li>\n<li>g\u00fcnstig<\/li>\n<\/ul>\n<h2><strong>Das Bora von Xtend- Adventure<\/strong><\/h2>\n<p>mein erstes Zelt. Reicht f\u00fcr Touren bis 2 Wochen locker aus. Ist allerdings anf\u00e4llig bei st\u00e4rkerem Wind<\/p>\n<div id=\"attachment_753\" style=\"width: 310px\" class=\"wp-caption alignnone\"><a href=\"http:\/\/bubis-berta.de\/wp-content\/uploads\/2017\/01\/bora_02.png\"><img loading=\"lazy\" decoding=\"async\" aria-describedby=\"caption-attachment-753\" width=\"300\" height=\"128\" class=\"wp-image-753 size-medium\" alt=\"\" src=\"http:\/\/bubis-berta.de\/wp-content\/uploads\/2017\/01\/bora_02-300x128.png\" srcset=\"https:\/\/bubis-berta.de\/wp-content\/uploads\/2017\/01\/bora_02-300x128.png 300w, https:\/\/bubis-berta.de\/wp-content\/uploads\/2017\/01\/bora_02-200x85.png 200w, https:\/\/bubis-berta.de\/wp-content\/uploads\/2017\/01\/bora_02.png 747w\" sizes=\"auto, (max-width: 300px) 100vw, 300px\" \/><\/a><p id=\"caption-attachment-753\" class=\"wp-caption-text\">Zelt f\u00fcr kurze Trips<\/p><\/div>\n<p><a href=\"http:\/\/bubis-berta.de\/wp-content\/uploads\/2017\/01\/bora_01.png\"><img loading=\"lazy\" decoding=\"async\" width=\"300\" height=\"248\" class=\"alignnone wp-image-752 size-medium\" alt=\"\" src=\"http:\/\/bubis-berta.de\/wp-content\/uploads\/2017\/01\/bora_01-300x248.png\" srcset=\"https:\/\/bubis-berta.de\/wp-content\/uploads\/2017\/01\/bora_01-300x248.png 300w, https:\/\/bubis-berta.de\/wp-content\/uploads\/2017\/01\/bora_01-200x165.png 200w, https:\/\/bubis-berta.de\/wp-content\/uploads\/2017\/01\/bora_01.png 670w\" sizes=\"auto, (max-width: 300px) 100vw, 300px\" \/><\/a><\/p>\n<p>Die Beschreibung:<\/p>\n<p>Tunnelzelt; Material Au\u00dfenzelt: Ripstop-Nylon; Material Boden: Nylon Tafetta 70D; Material Gest\u00e4nge: Aluminium; Material Innenzelt: Nylon, atmungsaktiv; Material- Zusammensetzung: Au\u00dfenzelt: 100% Nylon, Boden: 100% Nylon, Innenzelt: 100% Nylon; Beschichtung: 100% Silikon; Packma\u00df: 48 x 13 cm; Personen: bis zu 2; Wassers\u00e4ule Au\u00dfenzelt: 3.000 mm Wassers\u00e4ule Boden: 10.000 mm<\/p>\n<p>Die wichtigen Dinge (Wertsachen, bei Motorradtouren Anzug, Helm) kommen mit ins Zelt. Die Packtasche und Verpflegungsbox mit Kocher liegt in der Apside.<\/p>\n<p>&nbsp;<\/p>\n<h2><strong>Das Staika von Hilleberg<\/strong><\/h2>\n<div id=\"attachment_755\" style=\"width: 310px\" class=\"wp-caption alignnone\"><a href=\"http:\/\/bubis-berta.de\/wp-content\/uploads\/2017\/01\/staika_01.png\"><img loading=\"lazy\" decoding=\"async\" aria-describedby=\"caption-attachment-755\" width=\"300\" height=\"132\" class=\"wp-image-755 size-medium\" alt=\"\" src=\"http:\/\/bubis-berta.de\/wp-content\/uploads\/2017\/01\/staika_01-300x132.png\" srcset=\"https:\/\/bubis-berta.de\/wp-content\/uploads\/2017\/01\/staika_01-300x132.png 300w, https:\/\/bubis-berta.de\/wp-content\/uploads\/2017\/01\/staika_01-200x88.png 200w, https:\/\/bubis-berta.de\/wp-content\/uploads\/2017\/01\/staika_01-768x337.png 768w, https:\/\/bubis-berta.de\/wp-content\/uploads\/2017\/01\/staika_01.png 901w\" sizes=\"auto, (max-width: 300px) 100vw, 300px\" \/><\/a><p id=\"caption-attachment-755\" class=\"wp-caption-text\">Hilleberg Staika<\/p><\/div>\n<p>F\u00fcr den Trip nach Island musste etwas Stabileres, Gr\u00f6\u00dferes her, damit man auch ein paar Tage im Regen bequem verbringen kann. Zwei gro\u00dfe Apsiden bedeuten viel Stauraum, Kuppelzelt mit den drei Gest\u00e4ngen ist windstabil, ohne Abspannen selbsttragend und eine hochgezogene Bodenwanne des Innenzeltes sch\u00fctzt vor N\u00e4sse und Schmutz.<\/p>\n<p>Leider nicht so g\u00fcnstig, aber&nbsp;gebraucht mit etwas Gl\u00fcck aus erster Hand bezahlbar.<\/p>\n<p>&nbsp;<\/p>\n<h2><strong>Schlafsack und Unterlage<\/strong><\/h2>\n<p>Fangen wir unten an. F\u00fcr die kurzen Trips reicht eine selbstaufgehende Unterlage, 3 cm dick. Die wird ausgerollt, das Ventil ge\u00f6ffnet und kurz gewartet. Wenn zu weich, kurz Luft einblasen, das reicht aus.<\/p>\n<p>&nbsp;<\/p>\n<div id=\"attachment_4814\" style=\"width: 310px\" class=\"wp-caption alignnone\"><a href=\"https:\/\/bubis-berta.de\/wp-content\/uploads\/2017\/12\/trang-wolrd-matte_02-e1514723603943.jpg\"><img loading=\"lazy\" decoding=\"async\" aria-describedby=\"caption-attachment-4814\" width=\"300\" height=\"169\" class=\"size-medium wp-image-4814\" alt=\"\" src=\"https:\/\/bubis-berta.de\/wp-content\/uploads\/2017\/12\/trang-wolrd-matte_02-300x169.jpg\"><\/a><p id=\"caption-attachment-4814\" class=\"wp-caption-text\">trangoworld compact mat<\/p><\/div>\n<p>&nbsp;<\/p>\n<p>Mehr Komfort beim Liegen bringt die Exped UL7. Mit einem daf\u00fcr konstruierten Luftsack wird die Luft in die Matte geblasen. Die Isomatte ist mit einem Kunstfaser-Vlies gef\u00fcllt, superbequem, warm und leicht. Da das Material besonders komprimierbar ist, l\u00e4sst sie sich sehr klein verpacken.<\/p>\n<p>Passend dazu ein selbstaufblasendes Kopfkissen von Kaikkialla<\/p>\n<p>&nbsp;<\/p>\n<div id=\"attachment_1065\" style=\"width: 179px\" class=\"wp-caption alignnone\"><a href=\"http:\/\/bubis-berta.de\/wp-content\/uploads\/2017\/01\/EXPED-e1492875370787.jpg\"><img loading=\"lazy\" decoding=\"async\" aria-describedby=\"caption-attachment-1065\" width=\"169\" height=\"300\" class=\"wp-image-1065 size-medium\" alt=\"\" src=\"https:\/\/bubis-berta.de\/wp-content\/uploads\/2017\/01\/EXPED-e1492875370787-169x300.jpg\" srcset=\"https:\/\/bubis-berta.de\/wp-content\/uploads\/2017\/01\/EXPED-e1492875370787-169x300.jpg 169w, https:\/\/bubis-berta.de\/wp-content\/uploads\/2017\/01\/EXPED-e1492875370787-113x200.jpg 113w, https:\/\/bubis-berta.de\/wp-content\/uploads\/2017\/01\/EXPED-e1492875370787-576x1024.jpg 576w, https:\/\/bubis-berta.de\/wp-content\/uploads\/2017\/01\/EXPED-e1492875370787.jpg 675w\" sizes=\"auto, (max-width: 169px) 100vw, 169px\" \/><\/a><p id=\"caption-attachment-1065\" class=\"wp-caption-text\">Exped SynMat UL 7 LW<\/p><\/div>\n<p>&nbsp;<\/p>\n<p>Kommen wir zum Schlaftsack. Ein mittlerweile 7 Jahre alter, daunengef\u00fcllter Salewa Diadem ultra 300. Schon einige Male feucht geworden, verliert er auch durch die N\u00e4hte die eine oder andere Daune. In den Pyren\u00e4en und auf Island bei Au\u00dfentemperaturen um den Gefrierpunkt musste ich schon eine Zusatzdecke verwenden. Deshalb ist ab 2017 ein Neuer geplant<\/p>\n<div id=\"attachment_1066\" style=\"width: 310px\" class=\"wp-caption alignnone\"><a href=\"http:\/\/bubis-berta.de\/wp-content\/uploads\/2017\/01\/20170319_124622-e1491421512936.jpg\"><img loading=\"lazy\" decoding=\"async\" aria-describedby=\"caption-attachment-1066\" width=\"300\" height=\"169\" class=\"size-medium wp-image-1066\" alt=\"\" src=\"http:\/\/bubis-berta.de\/wp-content\/uploads\/2017\/01\/20170319_124622-300x169.jpg\"><\/a><p id=\"caption-attachment-1066\" class=\"wp-caption-text\">Salewa Diadem ultra 300 Daunenschlaftsack<\/p><\/div>\n<p>&nbsp;<\/p>\n<p>Das ist der &#8218;Neue&#8216;<\/p>\n<p>Es ist wieder ein Daunenschlafsack geworden. Das Packma\u00df ist im Vergleich zu den Kunstfaserschlafs\u00e4cke unschlagbar und die anderen Gr\u00fcnde Isolierung und Preis haben die Entscheidung leicht gemacht.<\/p>\n<div id=\"attachment_4813\" style=\"width: 310px\" class=\"wp-caption alignnone\"><a href=\"https:\/\/bubis-berta.de\/wp-content\/uploads\/2017\/12\/20170614_212239-e1514722391199.jpg\"><img loading=\"lazy\" decoding=\"async\" aria-describedby=\"caption-attachment-4813\" width=\"300\" height=\"169\" class=\"size-medium wp-image-4813\" alt=\"\" src=\"https:\/\/bubis-berta.de\/wp-content\/uploads\/2017\/12\/20170614_212239-300x169.jpg\"><\/a><p id=\"caption-attachment-4813\" class=\"wp-caption-text\">Schlafsack Warmpeace Viking 300 Daune<\/p><\/div>\n<p>&nbsp;<\/p>\n<p>&nbsp;<\/p>\n<p>&nbsp;<\/p>\n<p>&nbsp;<\/p>\n<p>&nbsp;<\/p>\n<p>&nbsp;<\/p>\n","protected":false},"excerpt":{"rendered":"<p>Grunds\u00e4tzlich ist das Zelt erste Wahl. Nur wenn nach mehreren Tagen Regen die Klamotten nicht mehr trocken werden, suche ich mir eine feste Behausung. Welche Eigenschaften sollte das Zelt haben? leicht, max. 2 Personen Wassers\u00e4ule des Aussenzeltes mindestens 3000mm zus\u00e4tzliche Schutzunterlage silikonbeschichtet rei\u00dffest Aussenzelt ohne Innenzelt aufzustellen kleines Packma\u00df Alugest\u00e4nge g\u00fcnstig Das Bora von Xtend- [&hellip;]<\/p>\n","protected":false},"author":2,"featured_media":0,"parent":911,"menu_order":0,"comment_status":"closed","ping_status":"closed","template":"","meta":{"footnotes":""},"class_list":["post-751","page","type-page","status-publish","hentry"],"_links":{"self":[{"href":"https:\/\/bubis-berta.de\/index.php?rest_route=\/wp\/v2\/pages\/751","targetHints":{"allow":["GET"]}}],"collection":[{"href":"https:\/\/bubis-berta.de\/index.php?rest_route=\/wp\/v2\/pages"}],"about":[{"href":"https:\/\/bubis-berta.de\/index.php?rest_route=\/wp\/v2\/types\/page"}],"author":[{"embeddable":true,"href":"https:\/\/bubis-berta.de\/index.php?rest_route=\/wp\/v2\/users\/2"}],"replies":[{"embeddable":true,"href":"https:\/\/bubis-berta.de\/index.php?rest_route=%2Fwp%2Fv2%2Fcomments&post=751"}],"version-history":[{"count":15,"href":"https:\/\/bubis-berta.de\/index.php?rest_route=\/wp\/v2\/pages\/751\/revisions"}],"predecessor-version":[{"id":4816,"href":"https:\/\/bubis-berta.de\/index.php?rest_route=\/wp\/v2\/pages\/751\/revisions\/4816"}],"up":[{"embeddable":true,"href":"https:\/\/bubis-berta.de\/index.php?rest_route=\/wp\/v2\/pages\/911"}],"wp:attachment":[{"href":"https:\/\/bubis-berta.de\/index.php?rest_route=%2Fwp%2Fv2%2Fmedia&parent=751"}],"curies":[{"name":"wp","href":"https:\/\/api.w.org\/{rel}","templated":true}]}}