{"id":761,"date":"2017-01-28T19:20:58","date_gmt":"2017-01-28T19:20:58","guid":{"rendered":"http:\/\/bubis-berta.de\/?page_id=761"},"modified":"2019-05-03T20:52:57","modified_gmt":"2019-05-03T19:52:57","slug":"navigation","status":"publish","type":"page","link":"https:\/\/bubis-berta.de\/?page_id=761","title":{"rendered":"Navigation"},"content":{"rendered":"<p>Beim Thema Navigation hat jeder seine eigenen Favoriten. Ich habe zwei Ger\u00e4te im Gebrauch. Au\u00dferdem kommt immer eine Karte mit.<\/p>\n<h3><del><strong>Garmin GPSMap 276c<\/strong><\/del><\/h3>\n<p><del>alt aber immer noch unbezahlbar. 2x 512 MB Speicherkarte; 1x 2 GB-Speicherkarte. Da passt dann geteilt Garmin CN EU drauf.<\/del><\/p>\n<p><a href=\"http:\/\/bubis-berta.de\/wp-content\/uploads\/2017\/01\/gpsmap276c-e1491852585211.jpg\"><img loading=\"lazy\" decoding=\"async\" class=\"wp-image-768 size-medium alignnone\" src=\"http:\/\/bubis-berta.de\/wp-content\/uploads\/2017\/01\/gpsmap276c-300x186.jpg\" alt=\"\" width=\"300\" height=\"186\" \/><\/a><\/p>\n<p>&nbsp;<\/p>\n<p>Mein 276c hat mich verlassen. Es wollte noch einmal Strom haben, dann wars vorbei. Und das kurz vor der Reise ins Riesengebirge. Ging nix mehr. Alles tot.<\/p>\n<p>5 Tage sp\u00e4ter schon hielt ich was &#8222;Neues&#8220; in der Hand. F\u00fcr kleines Geld \u00fcberlie\u00df mir jemand seine GPSMAP-Sammlung. Ein 278 mit vielen Speichersticks und Halterungen. Meine NAVI-Welt war wieder in Ordnung.<\/p>\n<p>&nbsp;<\/p>\n<p><strong>Android Smartphone<\/strong><\/p>\n<p>Locus pro App und Europa als topographische Karte.<\/p>\n<p>Wollte ich nicht mehr. Nach der letzten Reise hatte ich trotz ausgeschalteten Standortdienstes hinterher im Google Profil die ganze Reise dokumentiert. Man kann sich nicht mehr dagegen wehren. Jeder Furz wird mittlerweile registriert, ausgewertet und beim n\u00e4chsten Internetzugriff entsprechende Werbung eingeblendet. Konto wird gel\u00f6scht.<\/p>\n<p>Ich habe mich aber entschieden, das Ganze anonym weiter zu betreiben. Das Smartphone kommt nicht mehr ins Netz, Firewall, Root und TitatiumBackup sorgen f\u00fcr ein googlefreies tracken<\/p>\n<p>&nbsp;<\/p>\n<p>&nbsp;<\/p>\n<h3>Kartenmaterial:<\/h3>\n<p>Mir reicht eine recht grobe Karte mit der Ma\u00dfgabe: eine Seite = halbe Tagesetappe. Aufl\u00f6sung 1:500000, manchmal mehr. Hauptsache, die Karten sind wasserresist und rei\u00dffest. Hier fiel meine Wahl auf das Kartenmaterial vom Reise Know-How Verlag.<\/p>\n<div id=\"attachment_1291\" style=\"width: 132px\" class=\"wp-caption alignleft\"><a href=\"http:\/\/bubis-berta.de\/wp-content\/uploads\/2017\/01\/Reise-Know-How-Karte_01.jpg\"><img loading=\"lazy\" decoding=\"async\" aria-describedby=\"caption-attachment-1291\" class=\"size-medium wp-image-1291\" src=\"http:\/\/bubis-berta.de\/wp-content\/uploads\/2017\/01\/Reise-Know-How-Karte_01-122x300.jpg\" alt=\"\" width=\"122\" height=\"300\" srcset=\"https:\/\/bubis-berta.de\/wp-content\/uploads\/2017\/01\/Reise-Know-How-Karte_01-122x300.jpg 122w, https:\/\/bubis-berta.de\/wp-content\/uploads\/2017\/01\/Reise-Know-How-Karte_01-81x200.jpg 81w, https:\/\/bubis-berta.de\/wp-content\/uploads\/2017\/01\/Reise-Know-How-Karte_01.jpg 406w\" sizes=\"auto, (max-width: 122px) 100vw, 122px\" \/><\/a><p id=\"caption-attachment-1291\" class=\"wp-caption-text\">Reise Know-How Karte<\/p><\/div>\n<p>&nbsp;<\/p>\n<p>&nbsp;<\/p>\n<p>&nbsp;<\/p>\n<p>&nbsp;<\/p>\n<p>&nbsp;<\/p>\n<p>&nbsp;<\/p>\n<p>&nbsp;<\/p>\n<p>&nbsp;<\/p>\n<p>&nbsp;<\/p>\n<p>&nbsp;<\/p>\n<p>&nbsp;<\/p>\n<p>&nbsp;<\/p>\n<p>&nbsp;<\/p>\n<p>&nbsp;<\/p>\n","protected":false},"excerpt":{"rendered":"<p>Beim Thema Navigation hat jeder seine eigenen Favoriten. Ich habe zwei Ger\u00e4te im Gebrauch. Au\u00dferdem kommt immer eine Karte mit. Garmin GPSMap 276c alt aber immer noch unbezahlbar. 2x 512 MB Speicherkarte; 1x 2 GB-Speicherkarte. Da passt dann geteilt Garmin CN EU drauf. &nbsp; Mein 276c hat mich verlassen. Es wollte noch einmal Strom haben, [&hellip;]<\/p>\n","protected":false},"author":2,"featured_media":0,"parent":911,"menu_order":0,"comment_status":"closed","ping_status":"closed","template":"","meta":{"footnotes":""},"class_list":["post-761","page","type-page","status-publish","hentry"],"_links":{"self":[{"href":"https:\/\/bubis-berta.de\/index.php?rest_route=\/wp\/v2\/pages\/761","targetHints":{"allow":["GET"]}}],"collection":[{"href":"https:\/\/bubis-berta.de\/index.php?rest_route=\/wp\/v2\/pages"}],"about":[{"href":"https:\/\/bubis-berta.de\/index.php?rest_route=\/wp\/v2\/types\/page"}],"author":[{"embeddable":true,"href":"https:\/\/bubis-berta.de\/index.php?rest_route=\/wp\/v2\/users\/2"}],"replies":[{"embeddable":true,"href":"https:\/\/bubis-berta.de\/index.php?rest_route=%2Fwp%2Fv2%2Fcomments&post=761"}],"version-history":[{"count":25,"href":"https:\/\/bubis-berta.de\/index.php?rest_route=\/wp\/v2\/pages\/761\/revisions"}],"predecessor-version":[{"id":5531,"href":"https:\/\/bubis-berta.de\/index.php?rest_route=\/wp\/v2\/pages\/761\/revisions\/5531"}],"up":[{"embeddable":true,"href":"https:\/\/bubis-berta.de\/index.php?rest_route=\/wp\/v2\/pages\/911"}],"wp:attachment":[{"href":"https:\/\/bubis-berta.de\/index.php?rest_route=%2Fwp%2Fv2%2Fmedia&parent=761"}],"curies":[{"name":"wp","href":"https:\/\/api.w.org\/{rel}","templated":true}]}}